{"id":8,"date":"2024-04-18T17:04:18","date_gmt":"2024-04-18T15:04:18","guid":{"rendered":"https:\/\/cschoenberg.lima-city.de\/?page_id=8"},"modified":"2024-05-13T13:25:24","modified_gmt":"2024-05-13T11:25:24","slug":"impressum","status":"publish","type":"page","link":"https:\/\/cschoenberg.lima-city.de\/?page_id=8","title":{"rendered":"Impressum"},"content":{"rendered":"\n<p class=\"has-tiny-font-size\">C\u00e4cilia Diener von Sch\u00f6nberg<br>Hartschimmel 4<br>82396 P\u00e4hl<\/p>\n\n\n\n<h2 class=\"wp-block-heading has-small-font-size\">Kontakt<\/h2>\n\n\n\n<p class=\"has-tiny-font-size\">Telefon: +49 1736475049<br>E-Mail: caciliavschonberg@gmail.com<\/p>\n\n\n\n<h2 class=\"wp-block-heading has-small-font-size\">Redaktionell verantwortlich<\/h2>\n\n\n\n<p class=\"has-tiny-font-size\">C\u00e4cilia Diener von Sch\u00f6nberg<\/p>\n\n\n\n<p class=\"has-tiny-font-size\">Quelle: <a href=\"https:\/\/www.e-recht24.de\">https:\/\/www.e-recht24.de<\/a><\/p>\n","protected":false},"excerpt":{"rendered":"<p>C\u00e4cilia Diener von Sch\u00f6nbergHartschimmel 482396 P\u00e4hl Kontakt Telefon: +49 1736475049E-Mail: caciliavschonberg@gmail.com Redaktionell verantwortlich C\u00e4cilia Diener von Sch\u00f6nberg Quelle: https:\/\/www.e-recht24.de<\/p>\n","protected":false},"author":1,"featured_media":0,"parent":0,"menu_order":0,"comment_status":"closed","ping_status":"closed","template":"","meta":{"_uag_custom_page_level_css":"","footnotes":""},"class_list":["post-8","page","type-page","status-publish","hentry"],"yoast_head":"<!-- This site is optimized with the Yoast SEO plugin v27.5 - https:\/\/yoast.com\/product\/yoast-seo-wordpress\/ -->\n<title>Impressum - C\u00e4cilias Portfolio<\/title>\n<meta name=\"robots\" content=\"index, follow, max-snippet:-1, max-image-preview:large, max-video-preview:-1\" \/>\n<link rel=\"canonical\" href=\"https:\/\/cschoenberg.lima-city.de\/?page_id=8\" \/>\n<meta property=\"og:locale\" content=\"en_US\" \/>\n<meta property=\"og:type\" content=\"article\" \/>\n<meta property=\"og:title\" content=\"Impressum - C\u00e4cilias Portfolio\" \/>\n<meta property=\"og:description\" content=\"C\u00e4cilia Diener von Sch\u00f6nbergHartschimmel 482396 P\u00e4hl Kontakt Telefon: +49 1736475049E-Mail: caciliavschonberg@gmail.com Redaktionell verantwortlich C\u00e4cilia Diener von Sch\u00f6nberg Quelle: https:\/\/www.e-recht24.de\" \/>\n<meta property=\"og:url\" content=\"https:\/\/cschoenberg.lima-city.de\/?page_id=8\" \/>\n<meta property=\"og:site_name\" content=\"C\u00e4cilias Portfolio\" \/>\n<meta property=\"article:modified_time\" content=\"2024-05-13T11:25:24+00:00\" \/>\n<meta name=\"twitter:card\" content=\"summary_large_image\" \/>\n<meta name=\"twitter:label1\" content=\"Est. reading time\" \/>\n\t<meta name=\"twitter:data1\" content=\"1 minute\" \/>\n<script type=\"application\/ld+json\" class=\"yoast-schema-graph\">{\"@context\":\"https:\\\/\\\/schema.org\",\"@graph\":[{\"@type\":\"WebPage\",\"@id\":\"https:\\\/\\\/cschoenberg.lima-city.de\\\/?page_id=8\",\"url\":\"https:\\\/\\\/cschoenberg.lima-city.de\\\/?page_id=8\",\"name\":\"Impressum - C\u00e4cilias Portfolio\",\"isPartOf\":{\"@id\":\"https:\\\/\\\/cschoenberg.lima-city.de\\\/#website\"},\"datePublished\":\"2024-04-18T15:04:18+00:00\",\"dateModified\":\"2024-05-13T11:25:24+00:00\",\"breadcrumb\":{\"@id\":\"https:\\\/\\\/cschoenberg.lima-city.de\\\/?page_id=8#breadcrumb\"},\"inLanguage\":\"en-US\",\"potentialAction\":[{\"@type\":\"ReadAction\",\"target\":[\"https:\\\/\\\/cschoenberg.lima-city.de\\\/?page_id=8\"]}]},{\"@type\":\"BreadcrumbList\",\"@id\":\"https:\\\/\\\/cschoenberg.lima-city.de\\\/?page_id=8#breadcrumb\",\"itemListElement\":[{\"@type\":\"ListItem\",\"position\":1,\"name\":\"Startseite\",\"item\":\"https:\\\/\\\/cschoenberg.lima-city.de\\\/\"},{\"@type\":\"ListItem\",\"position\":2,\"name\":\"Impressum\"}]},{\"@type\":\"WebSite\",\"@id\":\"https:\\\/\\\/cschoenberg.lima-city.de\\\/#website\",\"url\":\"https:\\\/\\\/cschoenberg.lima-city.de\\\/\",\"name\":\"C\u00e4cilia Sch\u00f6nberg Portfolio\",\"description\":\"\",\"publisher\":{\"@id\":\"https:\\\/\\\/cschoenberg.lima-city.de\\\/#\\\/schema\\\/person\\\/66f3a082db79c02c2f9418a07f0f112f\"},\"potentialAction\":[{\"@type\":\"SearchAction\",\"target\":{\"@type\":\"EntryPoint\",\"urlTemplate\":\"https:\\\/\\\/cschoenberg.lima-city.de\\\/?s={search_term_string}\"},\"query-input\":{\"@type\":\"PropertyValueSpecification\",\"valueRequired\":true,\"valueName\":\"search_term_string\"}}],\"inLanguage\":\"en-US\"},{\"@type\":[\"Person\",\"Organization\"],\"@id\":\"https:\\\/\\\/cschoenberg.lima-city.de\\\/#\\\/schema\\\/person\\\/66f3a082db79c02c2f9418a07f0f112f\",\"name\":\"Caecilia Schoenberg\",\"logo\":{\"@id\":\"https:\\\/\\\/cschoenberg.lima-city.de\\\/#\\\/schema\\\/person\\\/image\\\/\"},\"sameAs\":[\"https:\\\/\\\/cschoenberg.lima-city.de\"]}]}<\/script>\n<!-- \/ Yoast SEO plugin. -->","yoast_head_json":{"title":"Impressum - C\u00e4cilias Portfolio","robots":{"index":"index","follow":"follow","max-snippet":"max-snippet:-1","max-image-preview":"max-image-preview:large","max-video-preview":"max-video-preview:-1"},"canonical":"https:\/\/cschoenberg.lima-city.de\/?page_id=8","og_locale":"en_US","og_type":"article","og_title":"Impressum - C\u00e4cilias Portfolio","og_description":"C\u00e4cilia Diener von Sch\u00f6nbergHartschimmel 482396 P\u00e4hl Kontakt Telefon: +49 1736475049E-Mail: caciliavschonberg@gmail.com Redaktionell verantwortlich C\u00e4cilia Diener von Sch\u00f6nberg Quelle: https:\/\/www.e-recht24.de","og_url":"https:\/\/cschoenberg.lima-city.de\/?page_id=8","og_site_name":"C\u00e4cilias Portfolio","article_modified_time":"2024-05-13T11:25:24+00:00","twitter_card":"summary_large_image","twitter_misc":{"Est. reading time":"1 minute"},"schema":{"@context":"https:\/\/schema.org","@graph":[{"@type":"WebPage","@id":"https:\/\/cschoenberg.lima-city.de\/?page_id=8","url":"https:\/\/cschoenberg.lima-city.de\/?page_id=8","name":"Impressum - C\u00e4cilias Portfolio","isPartOf":{"@id":"https:\/\/cschoenberg.lima-city.de\/#website"},"datePublished":"2024-04-18T15:04:18+00:00","dateModified":"2024-05-13T11:25:24+00:00","breadcrumb":{"@id":"https:\/\/cschoenberg.lima-city.de\/?page_id=8#breadcrumb"},"inLanguage":"en-US","potentialAction":[{"@type":"ReadAction","target":["https:\/\/cschoenberg.lima-city.de\/?page_id=8"]}]},{"@type":"BreadcrumbList","@id":"https:\/\/cschoenberg.lima-city.de\/?page_id=8#breadcrumb","itemListElement":[{"@type":"ListItem","position":1,"name":"Startseite","item":"https:\/\/cschoenberg.lima-city.de\/"},{"@type":"ListItem","position":2,"name":"Impressum"}]},{"@type":"WebSite","@id":"https:\/\/cschoenberg.lima-city.de\/#website","url":"https:\/\/cschoenberg.lima-city.de\/","name":"C\u00e4cilia Sch\u00f6nberg Portfolio","description":"","publisher":{"@id":"https:\/\/cschoenberg.lima-city.de\/#\/schema\/person\/66f3a082db79c02c2f9418a07f0f112f"},"potentialAction":[{"@type":"SearchAction","target":{"@type":"EntryPoint","urlTemplate":"https:\/\/cschoenberg.lima-city.de\/?s={search_term_string}"},"query-input":{"@type":"PropertyValueSpecification","valueRequired":true,"valueName":"search_term_string"}}],"inLanguage":"en-US"},{"@type":["Person","Organization"],"@id":"https:\/\/cschoenberg.lima-city.de\/#\/schema\/person\/66f3a082db79c02c2f9418a07f0f112f","name":"Caecilia Schoenberg","logo":{"@id":"https:\/\/cschoenberg.lima-city.de\/#\/schema\/person\/image\/"},"sameAs":["https:\/\/cschoenberg.lima-city.de"]}]}},"uagb_featured_image_src":{"full":false,"thumbnail":false,"medium":false,"medium_large":false,"large":false,"1536x1536":false,"2048x2048":false},"uagb_author_info":{"display_name":"Caecilia Schoenberg","author_link":"https:\/\/cschoenberg.lima-city.de\/?author=1"},"uagb_comment_info":0,"uagb_excerpt":"C\u00e4cilia Diener von Sch\u00f6nbergHartschimmel 482396 P\u00e4hl Kontakt Telefon: +49 1736475049E-Mail: caciliavschonberg@gmail.com Redaktionell verantwortlich C\u00e4cilia Diener von Sch\u00f6nberg Quelle: https:\/\/www.e-recht24.de","_links":{"self":[{"href":"https:\/\/cschoenberg.lima-city.de\/index.php?rest_route=\/wp\/v2\/pages\/8","targetHints":{"allow":["GET"]}}],"collection":[{"href":"https:\/\/cschoenberg.lima-city.de\/index.php?rest_route=\/wp\/v2\/pages"}],"about":[{"href":"https:\/\/cschoenberg.lima-city.de\/index.php?rest_route=\/wp\/v2\/types\/page"}],"author":[{"embeddable":true,"href":"https:\/\/cschoenberg.lima-city.de\/index.php?rest_route=\/wp\/v2\/users\/1"}],"replies":[{"embeddable":true,"href":"https:\/\/cschoenberg.lima-city.de\/index.php?rest_route=%2Fwp%2Fv2%2Fcomments&post=8"}],"version-history":[{"count":3,"href":"https:\/\/cschoenberg.lima-city.de\/index.php?rest_route=\/wp\/v2\/pages\/8\/revisions"}],"predecessor-version":[{"id":367,"href":"https:\/\/cschoenberg.lima-city.de\/index.php?rest_route=\/wp\/v2\/pages\/8\/revisions\/367"}],"wp:attachment":[{"href":"https:\/\/cschoenberg.lima-city.de\/index.php?rest_route=%2Fwp%2Fv2%2Fmedia&parent=8"}],"curies":[{"name":"wp","href":"https:\/\/api.w.org\/{rel}","templated":true}]}}